{"id":58,"date":"2024-02-23T07:37:56","date_gmt":"2024-02-23T07:37:56","guid":{"rendered":"https:\/\/demo.blockskit.com\/base-dev107\/?page_id=28"},"modified":"2026-01-01T04:56:50","modified_gmt":"2026-01-01T04:56:50","slug":"reviews","status":"publish","type":"page","link":"https:\/\/arcnetworks.in\/es\/reviews\/","title":{"rendered":"Reviews"},"content":{"rendered":"<div class=\"wp-block-group alignfull has-global-padding is-layout-constrained wp-container-core-group-is-layout-ec50940b wp-block-group-is-layout-constrained\" style=\"margin-top:0;margin-bottom:0;padding-top:var(--wp--preset--spacing--xx-large);padding-right:var(--wp--preset--spacing--x-small);padding-bottom:var(--wp--preset--spacing--xx-large);padding-left:var(--wp--preset--spacing--x-small)\">\n<div class=\"wp-block-columns are-vertically-aligned-top is-layout-flex wp-container-core-columns-is-layout-d7d455e7 wp-block-columns-is-layout-flex\" style=\"padding-top:0;padding-right:0;padding-bottom:0;padding-left:0\">\n<div class=\"wp-block-column is-vertically-aligned-top is-layout-flow wp-container-core-column-is-layout-1ec46048 wp-block-column-is-layout-flow\" style=\"padding-top:0;padding-right:0;padding-bottom:0;padding-left:0;flex-basis:100%\">\n<div class=\"wp-block-columns are-vertically-aligned-top animated animated-fadeInUp is-layout-flex wp-container-core-columns-is-layout-1cde7d8a wp-block-columns-is-layout-flex\" style=\"padding-top:0;padding-right:0;padding-bottom:0;padding-left:0\">\n<div class=\"wp-block-column is-vertically-aligned-top is-style-bk-box-shadow is-layout-flow wp-container-core-column-is-layout-a77db08e wp-block-column-is-layout-flow\" style=\"flex-basis:60%\">\n<div class=\"wp-block-columns has-pure-white-background-color has-background is-layout-flex wp-container-core-columns-is-layout-38168066 wp-block-columns-is-layout-flex\" style=\"border-radius:5px;padding-top:var(--wp--preset--spacing--large);padding-right:var(--wp--preset--spacing--large);padding-bottom:var(--wp--preset--spacing--large);padding-left:var(--wp--preset--spacing--large)\">\n<div class=\"wp-block-column is-layout-flow wp-container-core-column-is-layout-29333b1a wp-block-column-is-layout-flow\">\n<figure class=\"wp-block-image size-full is-resized wp-duotone-secondary\"><img decoding=\"async\" src=\"https:\/\/demo.blockskit.com\/base\/wp-content\/themes\/blockskit-base\/assets\/images\/review-quotes-icon.svg\" alt=\"\" class=\"wp-image-294\" style=\"width:50px;height:40px\"\/><\/figure>\n\n\n\n<p class=\"has-text-align-left has-medium-font-size\" style=\"padding-top:var(--wp--preset--spacing--x-small);padding-bottom:var(--wp--preset--spacing--small)\">\u00a1Pero nadie alcanza f\u00e1cilmente el arquitecto de las cosas! No se retuercen; \u00bfqui\u00e9n de nosotros tiene un gran vest\u00edbulo? Los presentes se purifican. Una mujer embarazada, Eros, un dolor rid\u00edculo y puro, sin duda traer\u00e1 consigo algo grande.<\/p>\n\n\n\n<figure class=\"wp-block-image size-full is-resized is-style-rounded\"><img decoding=\"async\" src=\"https:\/\/arcnetworks.in\/wp-content\/uploads\/2024\/02\/review-img1-1.jpg\" alt=\"\" class=\"wp-image-38\" style=\"width:75px;height:75px\"\/><\/figure>\n\n\n\n<h5 class=\"wp-block-heading\" style=\"margin-top:var(--wp--preset--spacing--x-small);margin-right:0;margin-bottom:2px;margin-left:0\">Steve Sampson<\/h5>\n\n\n\n<p class=\"has-text-align-left has-x-small-font-size\">Dise\u00f1ador s\u00e9nior<\/p>\n<\/div>\n<\/div>\n<\/div>\n\n\n\n<div class=\"wp-block-column is-vertically-aligned-top is-style-bk-box-shadow is-layout-flow wp-container-core-column-is-layout-a77db08e wp-block-column-is-layout-flow\" style=\"flex-basis:40%\">\n<div class=\"wp-block-columns has-pure-white-background-color has-background is-layout-flex wp-container-core-columns-is-layout-38168066 wp-block-columns-is-layout-flex\" style=\"border-radius:5px;padding-top:var(--wp--preset--spacing--large);padding-right:var(--wp--preset--spacing--large);padding-bottom:var(--wp--preset--spacing--large);padding-left:var(--wp--preset--spacing--large)\">\n<div class=\"wp-block-column is-layout-flow wp-container-core-column-is-layout-29333b1a wp-block-column-is-layout-flow\">\n<figure class=\"wp-block-image size-full is-resized wp-duotone-secondary\"><img decoding=\"async\" src=\"https:\/\/demo.blockskit.com\/base\/wp-content\/themes\/blockskit-base\/assets\/images\/review-quotes-icon.svg\" alt=\"\" class=\"wp-image-294\" style=\"width:50px;height:40px\"\/><\/figure>\n\n\n\n<p class=\"has-text-align-left has-medium-font-size\" style=\"padding-top:var(--wp--preset--spacing--x-small);padding-bottom:var(--wp--preset--spacing--small)\">\u00a1Pero nadie alcanza f\u00e1cilmente al arquitecto de las cosas! Ellos no torturan; es nuestro propio umbral el que obstaculiza nuestro tiempo.<\/p>\n\n\n\n<figure class=\"wp-block-image size-full is-resized is-style-rounded\"><img decoding=\"async\" src=\"https:\/\/arcnetworks.in\/wp-content\/uploads\/2024\/02\/review-img4-1.jpg\" alt=\"\" class=\"wp-image-39\" style=\"width:75px;height:75px\"\/><\/figure>\n\n\n\n<h5 class=\"wp-block-heading\" style=\"margin-top:var(--wp--preset--spacing--x-small);margin-right:0;margin-bottom:2px;margin-left:0\">Miley Johenson<\/h5>\n\n\n\n<p class=\"has-text-align-left has-x-small-font-size\">Asesor s\u00e9nior<\/p>\n<\/div>\n<\/div>\n<\/div>\n<\/div>\n\n\n\n<div class=\"wp-block-columns are-vertically-aligned-top animated animated-fadeInUp is-layout-flex wp-container-core-columns-is-layout-1cde7d8a wp-block-columns-is-layout-flex\" style=\"padding-top:0;padding-right:0;padding-bottom:0;padding-left:0\">\n<div class=\"wp-block-column is-vertically-aligned-top is-style-bk-box-shadow is-layout-flow wp-container-core-column-is-layout-a77db08e wp-block-column-is-layout-flow\" style=\"flex-basis:40%\">\n<div class=\"wp-block-columns has-pure-white-background-color has-background is-layout-flex wp-container-core-columns-is-layout-38168066 wp-block-columns-is-layout-flex\" style=\"border-radius:5px;padding-top:var(--wp--preset--spacing--large);padding-right:var(--wp--preset--spacing--large);padding-bottom:var(--wp--preset--spacing--large);padding-left:var(--wp--preset--spacing--large)\">\n<div class=\"wp-block-column is-layout-flow wp-container-core-column-is-layout-29333b1a wp-block-column-is-layout-flow\">\n<figure class=\"wp-block-image size-full is-resized wp-duotone-secondary\"><img decoding=\"async\" src=\"https:\/\/demo.blockskit.com\/base\/wp-content\/themes\/blockskit-base\/assets\/images\/review-quotes-icon.svg\" alt=\"\" class=\"wp-image-294\" style=\"width:50px;height:40px\"\/><\/figure>\n\n\n\n<p class=\"has-text-align-left has-medium-font-size\" style=\"padding-top:var(--wp--preset--spacing--x-small);padding-bottom:var(--wp--preset--spacing--small)\">\u00a1Pero nadie alcanza f\u00e1cilmente al arquitecto de las cosas! Ellos no torturan; es nuestro propio umbral el que obstaculiza nuestro tiempo.<\/p>\n\n\n\n<figure class=\"wp-block-image size-full is-resized is-style-rounded\"><img decoding=\"async\" src=\"https:\/\/arcnetworks.in\/wp-content\/uploads\/2024\/02\/review-img4-1.jpg\" alt=\"\" class=\"wp-image-39\" style=\"width:75px;height:75px\"\/><\/figure>\n\n\n\n<h5 class=\"wp-block-heading\" style=\"margin-top:var(--wp--preset--spacing--x-small);margin-right:0;margin-bottom:2px;margin-left:0\">Miley Johenson<\/h5>\n\n\n\n<p class=\"has-text-align-left has-x-small-font-size\">Asesor s\u00e9nior<\/p>\n<\/div>\n<\/div>\n<\/div>\n\n\n\n<div class=\"wp-block-column is-vertically-aligned-top is-style-bk-box-shadow is-layout-flow wp-container-core-column-is-layout-a77db08e wp-block-column-is-layout-flow\" style=\"flex-basis:60%\">\n<div class=\"wp-block-columns has-pure-white-background-color has-background is-layout-flex wp-container-core-columns-is-layout-38168066 wp-block-columns-is-layout-flex\" style=\"border-radius:5px;padding-top:var(--wp--preset--spacing--large);padding-right:var(--wp--preset--spacing--large);padding-bottom:var(--wp--preset--spacing--large);padding-left:var(--wp--preset--spacing--large)\">\n<div class=\"wp-block-column is-layout-flow wp-container-core-column-is-layout-29333b1a wp-block-column-is-layout-flow\">\n<figure class=\"wp-block-image size-full is-resized wp-duotone-secondary\"><img decoding=\"async\" src=\"https:\/\/demo.blockskit.com\/base\/wp-content\/themes\/blockskit-base\/assets\/images\/review-quotes-icon.svg\" alt=\"\" class=\"wp-image-294\" style=\"width:50px;height:40px\"\/><\/figure>\n\n\n\n<p class=\"has-text-align-left has-medium-font-size\" style=\"padding-top:var(--wp--preset--spacing--x-small);padding-bottom:var(--wp--preset--spacing--small)\">\u00a1Pero nadie alcanza f\u00e1cilmente el arquitecto de las cosas! No se retuercen; \u00bfqui\u00e9n de nosotros tiene un gran vest\u00edbulo? Los presentes se purifican. Una mujer embarazada, Eros, un dolor rid\u00edculo y puro, sin duda traer\u00e1 consigo algo grande.<\/p>\n\n\n\n<figure class=\"wp-block-image size-full is-resized is-style-rounded\"><img decoding=\"async\" src=\"https:\/\/arcnetworks.in\/wp-content\/uploads\/2024\/02\/review-img1-1.jpg\" alt=\"\" class=\"wp-image-38\" style=\"width:75px;height:75px\"\/><\/figure>\n\n\n\n<h5 class=\"wp-block-heading\" style=\"margin-top:var(--wp--preset--spacing--x-small);margin-right:0;margin-bottom:2px;margin-left:0\">Steve Sampson<\/h5>\n\n\n\n<p class=\"has-text-align-left has-x-small-font-size\">Dise\u00f1ador s\u00e9nior<\/p>\n<\/div>\n<\/div>\n<\/div>\n<\/div>\n<\/div>\n<\/div>\n<\/div>","protected":false},"excerpt":{"rendered":"<p>&#8220;Architecto autem facilis conse quuntur rerum nemo! Torquent non, nostrum quis vestibulum magnis? Quos praesentium netus. Gravida, eros, ridiculus dolor purus eveniet magnam vero.&#8221; Steve Sampson SENIOR DESIGNER &#8220;Architecto autem facilis conse quuntur rerum nemo! Torquent non, nostrum quis vestibulum impedit tempor.&#8221; Miley Johenson SENIOR ADVISOR &#8220;Architecto autem facilis conse quuntur rerum nemo! Torquent non, [&hellip;]<\/p>","protected":false},"author":2,"featured_media":0,"parent":0,"menu_order":0,"comment_status":"closed","ping_status":"closed","template":"page-no-gap","meta":{"_acf_changed":false,"inline_featured_image":false,"_uag_custom_page_level_css":"","footnotes":""},"class_list":["post-58","page","type-page","status-publish","hentry"],"acf":[],"_hostinger_reach_plugin_has_subscription_block":false,"_hostinger_reach_plugin_is_elementor":false,"uagb_featured_image_src":{"full":false,"thumbnail":false,"medium":false,"medium_large":false,"large":false,"1536x1536":false,"2048x2048":false,"trp-custom-language-flag":false,"woocommerce_thumbnail":false,"woocommerce_single":false,"woocommerce_gallery_thumbnail":false},"uagb_author_info":{"display_name":"beena","author_link":"https:\/\/arcnetworks.in\/es\/author\/beenatechnometrics-in\/"},"uagb_comment_info":0,"uagb_excerpt":"&#8220;Architecto autem facilis conse quuntur rerum nemo! Torquent non, nostrum quis vestibulum magnis? Quos praesentium netus. Gravida, eros, ridiculus dolor purus eveniet magnam vero.&#8221; Steve Sampson SENIOR DESIGNER &#8220;Architecto autem facilis conse quuntur rerum nemo! Torquent non, nostrum quis vestibulum impedit tempor.&#8221; Miley Johenson SENIOR ADVISOR &#8220;Architecto autem facilis conse quuntur rerum nemo! Torquent non,&hellip;","_links":{"self":[{"href":"https:\/\/arcnetworks.in\/es\/wp-json\/wp\/v2\/pages\/58","targetHints":{"allow":["GET"]}}],"collection":[{"href":"https:\/\/arcnetworks.in\/es\/wp-json\/wp\/v2\/pages"}],"about":[{"href":"https:\/\/arcnetworks.in\/es\/wp-json\/wp\/v2\/types\/page"}],"author":[{"embeddable":true,"href":"https:\/\/arcnetworks.in\/es\/wp-json\/wp\/v2\/users\/2"}],"replies":[{"embeddable":true,"href":"https:\/\/arcnetworks.in\/es\/wp-json\/wp\/v2\/comments?post=58"}],"version-history":[{"count":0,"href":"https:\/\/arcnetworks.in\/es\/wp-json\/wp\/v2\/pages\/58\/revisions"}],"wp:attachment":[{"href":"https:\/\/arcnetworks.in\/es\/wp-json\/wp\/v2\/media?parent=58"}],"curies":[{"name":"wp","href":"https:\/\/api.w.org\/{rel}","templated":true}]}}